{"id":58,"date":"2024-05-31T08:57:35","date_gmt":"2024-05-31T08:57:35","guid":{"rendered":"https:\/\/taximundaka.rkinformatika.online\/?page_id=58"},"modified":"2024-06-06T15:55:40","modified_gmt":"2024-06-06T15:55:40","slug":"galeria","status":"publish","type":"page","link":"https:\/\/taximundaka.com\/eu\/galeria\/","title":{"rendered":"Galeria"},"content":{"rendered":"<div data-elementor-type=\"wp-page\" data-elementor-id=\"58\" class=\"elementor elementor-58\" data-elementor-post-type=\"page\">\n\t\t\t\t\t\t<section class=\"elementor-section elementor-top-section elementor-element elementor-element-d3bac9d elementor-section-full_width elementor-section-height-min-height elementor-section-height-default elementor-section-items-middle\" data-id=\"d3bac9d\" data-element_type=\"section\" data-e-type=\"section\" data-settings=\"{&quot;background_background&quot;:&quot;classic&quot;}\">\n\t\t\t\t\t\t\t<div class=\"elementor-background-overlay\"><\/div>\n\t\t\t\t\t\t\t<div class=\"elementor-container elementor-column-gap-default\">\n\t\t\t\t\t<div class=\"elementor-column elementor-col-100 elementor-top-column elementor-element elementor-element-fb80d06\" data-id=\"fb80d06\" data-element_type=\"column\" data-e-type=\"column\">\n\t\t\t<div class=\"elementor-widget-wrap elementor-element-populated\">\n\t\t\t\t\t\t<div class=\"elementor-element elementor-element-d30e2b9 elementor-widget elementor-widget-heading\" data-id=\"d30e2b9\" data-element_type=\"widget\" data-e-type=\"widget\" data-widget_type=\"heading.default\">\n\t\t\t\t<div class=\"elementor-widget-container\">\n\t\t\t\t\t<h2 class=\"elementor-heading-title elementor-size-default\">GALER\u00cdA<\/h2>\t\t\t\t<\/div>\n\t\t\t\t<\/div>\n\t\t\t\t\t<\/div>\n\t\t<\/div>\n\t\t\t\t\t<\/div>\n\t\t<\/section>\n\t\t<div class=\"elementor-element elementor-element-241a4e2 e-con-full e-flex e-con e-parent\" data-id=\"241a4e2\" data-element_type=\"container\" data-e-type=\"container\">\n\t\t\t\t<div class=\"elementor-element elementor-element-8d51c96 elementor-widget elementor-widget-gallery\" data-id=\"8d51c96\" data-element_type=\"widget\" data-e-type=\"widget\" data-settings=\"{&quot;columns&quot;:3,&quot;lazyload&quot;:&quot;yes&quot;,&quot;gallery_layout&quot;:&quot;grid&quot;,&quot;columns_tablet&quot;:2,&quot;columns_mobile&quot;:1,&quot;gap&quot;:{&quot;unit&quot;:&quot;px&quot;,&quot;size&quot;:10,&quot;sizes&quot;:[]},&quot;gap_tablet&quot;:{&quot;unit&quot;:&quot;px&quot;,&quot;size&quot;:10,&quot;sizes&quot;:[]},&quot;gap_mobile&quot;:{&quot;unit&quot;:&quot;px&quot;,&quot;size&quot;:10,&quot;sizes&quot;:[]},&quot;link_to&quot;:&quot;file&quot;,&quot;aspect_ratio&quot;:&quot;3:2&quot;,&quot;overlay_background&quot;:&quot;yes&quot;,&quot;content_hover_animation&quot;:&quot;fade-in&quot;}\" data-widget_type=\"gallery.default\">\n\t\t\t\t<div class=\"elementor-widget-container\">\n\t\t\t\t\t\t\t<div class=\"elementor-gallery__container\">\n\t\t\t\t\t\t\t<a class=\"e-gallery-item elementor-gallery-item elementor-animated-content\" href=\"https:\/\/taximundaka.com\/wp-content\/uploads\/2024\/05\/11_12_2011-451-1024x683-1.jpg\" data-elementor-open-lightbox=\"yes\" data-elementor-lightbox-slideshow=\"8d51c96\" data-elementor-lightbox-title=\"11_12_2011-451-1024x683\" data-e-action-hash=\"#elementor-action%3Aaction%3Dlightbox%26settings%3DeyJpZCI6MjIyLCJ1cmwiOiJodHRwczpcL1wvdGF4aW11bmRha2EuY29tXC93cC1jb250ZW50XC91cGxvYWRzXC8yMDI0XC8wNVwvMTFfMTJfMjAxMS00NTEtMTAyNHg2ODMtMS5qcGciLCJzbGlkZXNob3ciOiI4ZDUxYzk2In0%3D\">\n\t\t\t\t\t<div class=\"e-gallery-image elementor-gallery-item__image\" data-thumbnail=\"https:\/\/taximundaka.com\/wp-content\/uploads\/2024\/05\/11_12_2011-451-1024x683-1.jpg\" data-width=\"1024\" data-height=\"683\" aria-label=\"\" role=\"img\" ><\/div>\n\t\t\t\t\t\t\t\t\t\t\t<div class=\"elementor-gallery-item__overlay\"><\/div>\n\t\t\t\t\t\t\t\t\t\t\t\t\t\t<\/a>\n\t\t\t\t\t\t\t<a class=\"e-gallery-item elementor-gallery-item elementor-animated-content\" href=\"https:\/\/taximundaka.com\/wp-content\/uploads\/2024\/05\/00355968.jpg\" data-elementor-open-lightbox=\"yes\" data-elementor-lightbox-slideshow=\"8d51c96\" data-elementor-lightbox-title=\"00355968\" data-e-action-hash=\"#elementor-action%3Aaction%3Dlightbox%26settings%3DeyJpZCI6MjIxLCJ1cmwiOiJodHRwczpcL1wvdGF4aW11bmRha2EuY29tXC93cC1jb250ZW50XC91cGxvYWRzXC8yMDI0XC8wNVwvMDAzNTU5NjguanBnIiwic2xpZGVzaG93IjoiOGQ1MWM5NiJ9\">\n\t\t\t\t\t<div class=\"e-gallery-image elementor-gallery-item__image\" data-thumbnail=\"https:\/\/taximundaka.com\/wp-content\/uploads\/2024\/05\/00355968.jpg\" data-width=\"632\" data-height=\"474\" aria-label=\"\" role=\"img\" ><\/div>\n\t\t\t\t\t\t\t\t\t\t\t<div class=\"elementor-gallery-item__overlay\"><\/div>\n\t\t\t\t\t\t\t\t\t\t\t\t\t\t<\/a>\n\t\t\t\t\t\t\t<a class=\"e-gallery-item elementor-gallery-item elementor-animated-content\" href=\"https:\/\/taximundaka.com\/wp-content\/uploads\/2024\/05\/2948374313_7ca06eab19_o-1024x683-1.jpg\" data-elementor-open-lightbox=\"yes\" data-elementor-lightbox-slideshow=\"8d51c96\" data-elementor-lightbox-title=\"2948374313_7ca06eab19_o-1024x683\" data-e-action-hash=\"#elementor-action%3Aaction%3Dlightbox%26settings%3DeyJpZCI6MjIwLCJ1cmwiOiJodHRwczpcL1wvdGF4aW11bmRha2EuY29tXC93cC1jb250ZW50XC91cGxvYWRzXC8yMDI0XC8wNVwvMjk0ODM3NDMxM183Y2EwNmVhYjE5X28tMTAyNHg2ODMtMS5qcGciLCJzbGlkZXNob3ciOiI4ZDUxYzk2In0%3D\">\n\t\t\t\t\t<div class=\"e-gallery-image elementor-gallery-item__image\" data-thumbnail=\"https:\/\/taximundaka.com\/wp-content\/uploads\/2024\/05\/2948374313_7ca06eab19_o-1024x683-1.jpg\" data-width=\"1024\" data-height=\"683\" aria-label=\"\" role=\"img\" ><\/div>\n\t\t\t\t\t\t\t\t\t\t\t<div class=\"elementor-gallery-item__overlay\"><\/div>\n\t\t\t\t\t\t\t\t\t\t\t\t\t\t<\/a>\n\t\t\t\t\t\t\t<a class=\"e-gallery-item elementor-gallery-item elementor-animated-content\" href=\"https:\/\/taximundaka.com\/wp-content\/uploads\/2024\/05\/7936482482_e389d38d4d_k-1-1024x683-1.jpg\" data-elementor-open-lightbox=\"yes\" data-elementor-lightbox-slideshow=\"8d51c96\" data-elementor-lightbox-title=\"7936482482_e389d38d4d_k-1-1024x683\" data-e-action-hash=\"#elementor-action%3Aaction%3Dlightbox%26settings%3DeyJpZCI6MjE5LCJ1cmwiOiJodHRwczpcL1wvdGF4aW11bmRha2EuY29tXC93cC1jb250ZW50XC91cGxvYWRzXC8yMDI0XC8wNVwvNzkzNjQ4MjQ4Ml9lMzg5ZDM4ZDRkX2stMS0xMDI0eDY4My0xLmpwZyIsInNsaWRlc2hvdyI6IjhkNTFjOTYifQ%3D%3D\">\n\t\t\t\t\t<div class=\"e-gallery-image elementor-gallery-item__image\" data-thumbnail=\"https:\/\/taximundaka.com\/wp-content\/uploads\/2024\/05\/7936482482_e389d38d4d_k-1-1024x683-1.jpg\" data-width=\"1024\" data-height=\"683\" aria-label=\"\" role=\"img\" ><\/div>\n\t\t\t\t\t\t\t\t\t\t\t<div class=\"elementor-gallery-item__overlay\"><\/div>\n\t\t\t\t\t\t\t\t\t\t\t\t\t\t<\/a>\n\t\t\t\t\t\t\t<a class=\"e-gallery-item elementor-gallery-item elementor-animated-content\" href=\"https:\/\/taximundaka.com\/wp-content\/uploads\/2024\/05\/8889352778_5643fa40fd.jpg\" data-elementor-open-lightbox=\"yes\" data-elementor-lightbox-slideshow=\"8d51c96\" data-elementor-lightbox-title=\"8889352778_5643fa40fd\" data-e-action-hash=\"#elementor-action%3Aaction%3Dlightbox%26settings%3DeyJpZCI6MjE4LCJ1cmwiOiJodHRwczpcL1wvdGF4aW11bmRha2EuY29tXC93cC1jb250ZW50XC91cGxvYWRzXC8yMDI0XC8wNVwvODg4OTM1Mjc3OF81NjQzZmE0MGZkLmpwZyIsInNsaWRlc2hvdyI6IjhkNTFjOTYifQ%3D%3D\">\n\t\t\t\t\t<div class=\"e-gallery-image elementor-gallery-item__image\" data-thumbnail=\"https:\/\/taximundaka.com\/wp-content\/uploads\/2024\/05\/8889352778_5643fa40fd.jpg\" data-width=\"500\" data-height=\"333\" aria-label=\"\" role=\"img\" ><\/div>\n\t\t\t\t\t\t\t\t\t\t\t<div class=\"elementor-gallery-item__overlay\"><\/div>\n\t\t\t\t\t\t\t\t\t\t\t\t\t\t<\/a>\n\t\t\t\t\t\t\t<a class=\"e-gallery-item elementor-gallery-item elementor-animated-content\" href=\"https:\/\/taximundaka.com\/wp-content\/uploads\/2024\/05\/front-page-header1-1024x506-1.jpg\" data-elementor-open-lightbox=\"yes\" data-elementor-lightbox-slideshow=\"8d51c96\" data-elementor-lightbox-title=\"front-page-header1-1024x506\" data-e-action-hash=\"#elementor-action%3Aaction%3Dlightbox%26settings%3DeyJpZCI6MjE2LCJ1cmwiOiJodHRwczpcL1wvdGF4aW11bmRha2EuY29tXC93cC1jb250ZW50XC91cGxvYWRzXC8yMDI0XC8wNVwvZnJvbnQtcGFnZS1oZWFkZXIxLTEwMjR4NTA2LTEuanBnIiwic2xpZGVzaG93IjoiOGQ1MWM5NiJ9\">\n\t\t\t\t\t<div class=\"e-gallery-image elementor-gallery-item__image\" data-thumbnail=\"https:\/\/taximundaka.com\/wp-content\/uploads\/2024\/05\/front-page-header1-1024x506-1.jpg\" data-width=\"1024\" data-height=\"506\" aria-label=\"\" role=\"img\" ><\/div>\n\t\t\t\t\t\t\t\t\t\t\t<div class=\"elementor-gallery-item__overlay\"><\/div>\n\t\t\t\t\t\t\t\t\t\t\t\t\t\t<\/a>\n\t\t\t\t\t\t\t<a class=\"e-gallery-item elementor-gallery-item elementor-animated-content\" href=\"https:\/\/taximundaka.com\/wp-content\/uploads\/2024\/05\/Mundaka_01-1024x768-1.jpg\" data-elementor-open-lightbox=\"yes\" data-elementor-lightbox-slideshow=\"8d51c96\" data-elementor-lightbox-title=\"Mundaka_01-1024x768\" data-e-action-hash=\"#elementor-action%3Aaction%3Dlightbox%26settings%3DeyJpZCI6MjE1LCJ1cmwiOiJodHRwczpcL1wvdGF4aW11bmRha2EuY29tXC93cC1jb250ZW50XC91cGxvYWRzXC8yMDI0XC8wNVwvTXVuZGFrYV8wMS0xMDI0eDc2OC0xLmpwZyIsInNsaWRlc2hvdyI6IjhkNTFjOTYifQ%3D%3D\">\n\t\t\t\t\t<div class=\"e-gallery-image elementor-gallery-item__image\" data-thumbnail=\"https:\/\/taximundaka.com\/wp-content\/uploads\/2024\/05\/Mundaka_01-1024x768-1.jpg\" data-width=\"1024\" data-height=\"768\" aria-label=\"\" role=\"img\" ><\/div>\n\t\t\t\t\t\t\t\t\t\t\t<div class=\"elementor-gallery-item__overlay\"><\/div>\n\t\t\t\t\t\t\t\t\t\t\t\t\t\t<\/a>\n\t\t\t\t\t\t\t<a class=\"e-gallery-item elementor-gallery-item elementor-animated-content\" href=\"https:\/\/taximundaka.com\/wp-content\/uploads\/2024\/05\/Mundaka-Laidatxu-1024x768-1.jpg\" data-elementor-open-lightbox=\"yes\" data-elementor-lightbox-slideshow=\"8d51c96\" data-elementor-lightbox-title=\"Mundaka-Laidatxu-1024x768\" data-e-action-hash=\"#elementor-action%3Aaction%3Dlightbox%26settings%3DeyJpZCI6MjE0LCJ1cmwiOiJodHRwczpcL1wvdGF4aW11bmRha2EuY29tXC93cC1jb250ZW50XC91cGxvYWRzXC8yMDI0XC8wNVwvTXVuZGFrYS1MYWlkYXR4dS0xMDI0eDc2OC0xLmpwZyIsInNsaWRlc2hvdyI6IjhkNTFjOTYifQ%3D%3D\">\n\t\t\t\t\t<div class=\"e-gallery-image elementor-gallery-item__image\" data-thumbnail=\"https:\/\/taximundaka.com\/wp-content\/uploads\/2024\/05\/Mundaka-Laidatxu-1024x768-1.jpg\" data-width=\"1024\" data-height=\"768\" aria-label=\"\" role=\"img\" ><\/div>\n\t\t\t\t\t\t\t\t\t\t\t<div class=\"elementor-gallery-item__overlay\"><\/div>\n\t\t\t\t\t\t\t\t\t\t\t\t\t\t<\/a>\n\t\t\t\t\t\t\t<a class=\"e-gallery-item elementor-gallery-item elementor-animated-content\" href=\"https:\/\/taximundaka.com\/wp-content\/uploads\/2024\/05\/natura-eta-hondartza-1024x768-1.jpg\" data-elementor-open-lightbox=\"yes\" data-elementor-lightbox-slideshow=\"8d51c96\" data-elementor-lightbox-title=\"natura-eta-hondartza-1024x768\" data-e-action-hash=\"#elementor-action%3Aaction%3Dlightbox%26settings%3DeyJpZCI6MjEzLCJ1cmwiOiJodHRwczpcL1wvdGF4aW11bmRha2EuY29tXC93cC1jb250ZW50XC91cGxvYWRzXC8yMDI0XC8wNVwvbmF0dXJhLWV0YS1ob25kYXJ0emEtMTAyNHg3NjgtMS5qcGciLCJzbGlkZXNob3ciOiI4ZDUxYzk2In0%3D\">\n\t\t\t\t\t<div class=\"e-gallery-image elementor-gallery-item__image\" data-thumbnail=\"https:\/\/taximundaka.com\/wp-content\/uploads\/2024\/05\/natura-eta-hondartza-1024x768-1.jpg\" data-width=\"1024\" data-height=\"768\" aria-label=\"\" role=\"img\" ><\/div>\n\t\t\t\t\t\t\t\t\t\t\t<div class=\"elementor-gallery-item__overlay\"><\/div>\n\t\t\t\t\t\t\t\t\t\t\t\t\t\t<\/a>\n\t\t\t\t\t<\/div>\n\t\t\t\t\t<\/div>\n\t\t\t\t<\/div>\n\t\t\t\t<\/div>\n\t\t\t\t<\/div>","protected":false},"excerpt":{"rendered":"<p>GALER\u00cdA<\/p>","protected":false},"author":1,"featured_media":0,"parent":0,"menu_order":0,"comment_status":"closed","ping_status":"closed","template":"elementor_canvas","meta":{"footnotes":""},"class_list":["post-58","page","type-page","status-publish","hentry"],"yoast_head":"<!-- This site is optimized with the Yoast SEO plugin v27.5 - https:\/\/yoast.com\/product\/yoast-seo-wordpress\/ -->\n<title>Galer\u00eda - Taxi Mundaka<\/title>\n<meta name=\"robots\" content=\"index, follow, max-snippet:-1, max-image-preview:large, max-video-preview:-1\" \/>\n<link rel=\"canonical\" href=\"https:\/\/taximundaka.com\/eu\/galeria\/\" \/>\n<meta property=\"og:locale\" content=\"en_US\" \/>\n<meta property=\"og:type\" content=\"article\" \/>\n<meta property=\"og:title\" content=\"Galer\u00eda - Taxi Mundaka\" \/>\n<meta property=\"og:description\" content=\"GALER\u00cdA\" \/>\n<meta property=\"og:url\" content=\"https:\/\/taximundaka.com\/eu\/galeria\/\" \/>\n<meta property=\"og:site_name\" content=\"Taxi Mundaka\" \/>\n<meta property=\"article:modified_time\" content=\"2024-06-06T15:55:40+00:00\" \/>\n<meta name=\"twitter:card\" content=\"summary_large_image\" \/>\n<meta name=\"twitter:label1\" content=\"Est. reading time\" \/>\n\t<meta name=\"twitter:data1\" content=\"1 minutua\" \/>\n<script type=\"application\/ld+json\" class=\"yoast-schema-graph\">{\"@context\":\"https:\\\/\\\/schema.org\",\"@graph\":[{\"@type\":\"WebPage\",\"@id\":\"https:\\\/\\\/taximundaka.com\\\/galeria\\\/\",\"url\":\"https:\\\/\\\/taximundaka.com\\\/galeria\\\/\",\"name\":\"Galer\u00eda - Taxi Mundaka\",\"isPartOf\":{\"@id\":\"https:\\\/\\\/taximundaka.com\\\/#website\"},\"datePublished\":\"2024-05-31T08:57:35+00:00\",\"dateModified\":\"2024-06-06T15:55:40+00:00\",\"breadcrumb\":{\"@id\":\"https:\\\/\\\/taximundaka.com\\\/galeria\\\/#breadcrumb\"},\"inLanguage\":\"eu\",\"potentialAction\":[{\"@type\":\"ReadAction\",\"target\":[\"https:\\\/\\\/taximundaka.com\\\/galeria\\\/\"]}]},{\"@type\":\"BreadcrumbList\",\"@id\":\"https:\\\/\\\/taximundaka.com\\\/galeria\\\/#breadcrumb\",\"itemListElement\":[{\"@type\":\"ListItem\",\"position\":1,\"name\":\"Portada\",\"item\":\"https:\\\/\\\/taximundaka.com\\\/\"},{\"@type\":\"ListItem\",\"position\":2,\"name\":\"Galer\u00eda\"}]},{\"@type\":\"WebSite\",\"@id\":\"https:\\\/\\\/taximundaka.com\\\/#website\",\"url\":\"https:\\\/\\\/taximundaka.com\\\/\",\"name\":\"Taxi Mundaka\",\"description\":\"Disponemos de taxis adaptados para el transporte de personas con movilidad reducida, de 7 plazas, 8 con el conductor. Con amplio pelda\u00f1o para acceder con seguridad y comodidad, dotado de la rampa m\u00e1s amplia del mercado para poder acceder a \u00e9l con sillas de ruedas especiales.\",\"publisher\":{\"@id\":\"https:\\\/\\\/taximundaka.com\\\/#organization\"},\"potentialAction\":[{\"@type\":\"SearchAction\",\"target\":{\"@type\":\"EntryPoint\",\"urlTemplate\":\"https:\\\/\\\/taximundaka.com\\\/?s={search_term_string}\"},\"query-input\":{\"@type\":\"PropertyValueSpecification\",\"valueRequired\":true,\"valueName\":\"search_term_string\"}}],\"inLanguage\":\"eu\"},{\"@type\":\"Organization\",\"@id\":\"https:\\\/\\\/taximundaka.com\\\/#organization\",\"name\":\"Taxi Mundaka\",\"url\":\"https:\\\/\\\/taximundaka.com\\\/\",\"logo\":{\"@type\":\"ImageObject\",\"inLanguage\":\"eu\",\"@id\":\"https:\\\/\\\/taximundaka.com\\\/#\\\/schema\\\/logo\\\/image\\\/\",\"url\":\"https:\\\/\\\/taximundaka.com\\\/wp-content\\\/uploads\\\/2024\\\/05\\\/cropped-taximundaka-1-1.png\",\"contentUrl\":\"https:\\\/\\\/taximundaka.com\\\/wp-content\\\/uploads\\\/2024\\\/05\\\/cropped-taximundaka-1-1.png\",\"width\":917,\"height\":917,\"caption\":\"Taxi Mundaka\"},\"image\":{\"@id\":\"https:\\\/\\\/taximundaka.com\\\/#\\\/schema\\\/logo\\\/image\\\/\"}}]}<\/script>\n<!-- \/ Yoast SEO plugin. -->","yoast_head_json":{"title":"Galer\u00eda - Taxi Mundaka","robots":{"index":"index","follow":"follow","max-snippet":"max-snippet:-1","max-image-preview":"max-image-preview:large","max-video-preview":"max-video-preview:-1"},"canonical":"https:\/\/taximundaka.com\/eu\/galeria\/","og_locale":"en_US","og_type":"article","og_title":"Galer\u00eda - Taxi Mundaka","og_description":"GALER\u00cdA","og_url":"https:\/\/taximundaka.com\/eu\/galeria\/","og_site_name":"Taxi Mundaka","article_modified_time":"2024-06-06T15:55:40+00:00","twitter_card":"summary_large_image","twitter_misc":{"Est. reading time":"1 minutua"},"schema":{"@context":"https:\/\/schema.org","@graph":[{"@type":"WebPage","@id":"https:\/\/taximundaka.com\/galeria\/","url":"https:\/\/taximundaka.com\/galeria\/","name":"Galer\u00eda - Taxi Mundaka","isPartOf":{"@id":"https:\/\/taximundaka.com\/#website"},"datePublished":"2024-05-31T08:57:35+00:00","dateModified":"2024-06-06T15:55:40+00:00","breadcrumb":{"@id":"https:\/\/taximundaka.com\/galeria\/#breadcrumb"},"inLanguage":"eu","potentialAction":[{"@type":"ReadAction","target":["https:\/\/taximundaka.com\/galeria\/"]}]},{"@type":"BreadcrumbList","@id":"https:\/\/taximundaka.com\/galeria\/#breadcrumb","itemListElement":[{"@type":"ListItem","position":1,"name":"Portada","item":"https:\/\/taximundaka.com\/"},{"@type":"ListItem","position":2,"name":"Galer\u00eda"}]},{"@type":"WebSite","@id":"https:\/\/taximundaka.com\/#website","url":"https:\/\/taximundaka.com\/","name":"Taxi Mundaka","description":"Disponemos de taxis adaptados para el transporte de personas con movilidad reducida, de 7 plazas, 8 con el conductor. Con amplio pelda\u00f1o para acceder con seguridad y comodidad, dotado de la rampa m\u00e1s amplia del mercado para poder acceder a \u00e9l con sillas de ruedas especiales.","publisher":{"@id":"https:\/\/taximundaka.com\/#organization"},"potentialAction":[{"@type":"SearchAction","target":{"@type":"EntryPoint","urlTemplate":"https:\/\/taximundaka.com\/?s={search_term_string}"},"query-input":{"@type":"PropertyValueSpecification","valueRequired":true,"valueName":"search_term_string"}}],"inLanguage":"eu"},{"@type":"Organization","@id":"https:\/\/taximundaka.com\/#organization","name":"Taxi Mundaka","url":"https:\/\/taximundaka.com\/","logo":{"@type":"ImageObject","inLanguage":"eu","@id":"https:\/\/taximundaka.com\/#\/schema\/logo\/image\/","url":"https:\/\/taximundaka.com\/wp-content\/uploads\/2024\/05\/cropped-taximundaka-1-1.png","contentUrl":"https:\/\/taximundaka.com\/wp-content\/uploads\/2024\/05\/cropped-taximundaka-1-1.png","width":917,"height":917,"caption":"Taxi Mundaka"},"image":{"@id":"https:\/\/taximundaka.com\/#\/schema\/logo\/image\/"}}]}},"_links":{"self":[{"href":"https:\/\/taximundaka.com\/eu\/wp-json\/wp\/v2\/pages\/58","targetHints":{"allow":["GET"]}}],"collection":[{"href":"https:\/\/taximundaka.com\/eu\/wp-json\/wp\/v2\/pages"}],"about":[{"href":"https:\/\/taximundaka.com\/eu\/wp-json\/wp\/v2\/types\/page"}],"author":[{"embeddable":true,"href":"https:\/\/taximundaka.com\/eu\/wp-json\/wp\/v2\/users\/1"}],"replies":[{"embeddable":true,"href":"https:\/\/taximundaka.com\/eu\/wp-json\/wp\/v2\/comments?post=58"}],"version-history":[{"count":49,"href":"https:\/\/taximundaka.com\/eu\/wp-json\/wp\/v2\/pages\/58\/revisions"}],"predecessor-version":[{"id":601,"href":"https:\/\/taximundaka.com\/eu\/wp-json\/wp\/v2\/pages\/58\/revisions\/601"}],"wp:attachment":[{"href":"https:\/\/taximundaka.com\/eu\/wp-json\/wp\/v2\/media?parent=58"}],"curies":[{"name":"wp","href":"https:\/\/api.w.org\/{rel}","templated":true}]}}