{"id":17,"date":"2024-05-29T11:17:57","date_gmt":"2024-05-29T11:17:57","guid":{"rendered":"https:\/\/taximundaka.rkinformatika.online\/?page_id=17"},"modified":"2024-06-06T15:54:48","modified_gmt":"2024-06-06T15:54:48","slug":"mundaka","status":"publish","type":"page","link":"https:\/\/taximundaka.com\/eu\/mundaka\/","title":{"rendered":"Mundaka"},"content":{"rendered":"<div data-elementor-type=\"wp-page\" data-elementor-id=\"17\" class=\"elementor elementor-17\" data-elementor-post-type=\"page\">\n\t\t\t\t\t\t<section class=\"elementor-section elementor-top-section elementor-element elementor-element-43aff65 elementor-section-full_width elementor-section-height-min-height elementor-section-height-default elementor-section-items-middle\" data-id=\"43aff65\" data-element_type=\"section\" data-e-type=\"section\" data-settings=\"{&quot;background_background&quot;:&quot;classic&quot;}\">\n\t\t\t\t\t\t\t<div class=\"elementor-background-overlay\"><\/div>\n\t\t\t\t\t\t\t<div class=\"elementor-container elementor-column-gap-default\">\n\t\t\t\t\t<div class=\"elementor-column elementor-col-100 elementor-top-column elementor-element elementor-element-e42524e\" data-id=\"e42524e\" data-element_type=\"column\" data-e-type=\"column\">\n\t\t\t<div class=\"elementor-widget-wrap elementor-element-populated\">\n\t\t\t\t\t\t<div class=\"elementor-element elementor-element-4617160 elementor-widget elementor-widget-heading\" data-id=\"4617160\" data-element_type=\"widget\" data-e-type=\"widget\" data-widget_type=\"heading.default\">\n\t\t\t\t<div class=\"elementor-widget-container\">\n\t\t\t\t\t<h2 class=\"elementor-heading-title elementor-size-default\">MUNDAKA<\/h2>\t\t\t\t<\/div>\n\t\t\t\t<\/div>\n\t\t\t\t\t<\/div>\n\t\t<\/div>\n\t\t\t\t\t<\/div>\n\t\t<\/section>\n\t\t<div class=\"elementor-element elementor-element-3f63fd7 elementor-hidden-mobile e-flex e-con-boxed e-con e-parent\" data-id=\"3f63fd7\" data-element_type=\"container\" data-e-type=\"container\">\n\t\t\t\t\t<div class=\"e-con-inner\">\n\t\t<div class=\"elementor-element elementor-element-4a4a7f7 e-con-full e-flex e-con e-child\" data-id=\"4a4a7f7\" data-element_type=\"container\" data-e-type=\"container\">\n\t\t\t\t<div class=\"elementor-element elementor-element-bdcaff6 elementor-widget elementor-widget-text-editor\" data-id=\"bdcaff6\" data-element_type=\"widget\" data-e-type=\"widget\" data-widget_type=\"text-editor.default\">\n\t\t\t\t<div class=\"elementor-widget-container\">\n\t\t\t\t\t\t\t\t\t<p>Mundaka es una localidad agradable y tranquila de la costa de Bizkaia, situada en la comarca de Busturialdea \u2013 Urdabai, en la margen izquierda de la r\u00eda que lleva su nombre.<\/p><p>El pueblo de Mundaka siempre ha estado ligado al mar y abierto al mundo. Durante siglos, su gente ha sido protagonista de la historia de la navegaci\u00f3n y la pesca de Euskadi.<\/p><p>Mundaka, ubicada en un entorno natural privilegiado, la Reserva de la Biosfera de Urdaibai, ha sabido conservar su cultura, sus tradiciones y su idioma, el euskera. Todo un patrimonio para disfrutar y compartir con amigos y visitantes.<\/p><p>Cualquier \u00e9poca del a\u00f1o es buena para visitar Mundaka. El verano es animado y bullicioso, ya que son muchos los que se acercan a la localidad atra\u00edda por el buen ambiente y la belleza del lugar. A partir de oto\u00f1o, tambi\u00e9n amantes del surf llegan de todo el mundo para disfrutar de la que es considerada una de las mejores olas de izquierda de Europa.<\/p>\t\t\t\t\t\t\t\t<\/div>\n\t\t\t\t<\/div>\n\t\t\t\t<div class=\"elementor-element elementor-element-6bdac0b elementor-align-center elementor-widget elementor-widget-button\" data-id=\"6bdac0b\" data-element_type=\"widget\" data-e-type=\"widget\" data-widget_type=\"button.default\">\n\t\t\t\t<div class=\"elementor-widget-container\">\n\t\t\t\t\t\t\t\t\t<div class=\"elementor-button-wrapper\">\n\t\t\t\t\t<a class=\"elementor-button elementor-button-link elementor-size-sm\" href=\"https:\/\/taximundaka.com\/eu\/galeria\/\">\n\t\t\t\t\t\t<span class=\"elementor-button-content-wrapper\">\n\t\t\t\t\t\t\t\t\t<span class=\"elementor-button-text\">Ver Galer\u00eda<\/span>\n\t\t\t\t\t<\/span>\n\t\t\t\t\t<\/a>\n\t\t\t\t<\/div>\n\t\t\t\t\t\t\t\t<\/div>\n\t\t\t\t<\/div>\n\t\t\t\t<\/div>\n\t\t<div class=\"elementor-element elementor-element-870367e e-con-full e-flex e-con e-child\" data-id=\"870367e\" data-element_type=\"container\" data-e-type=\"container\">\n\t\t<div class=\"elementor-element elementor-element-10cf4db e-flex e-con-boxed e-con e-child\" data-id=\"10cf4db\" data-element_type=\"container\" data-e-type=\"container\">\n\t\t\t\t\t<div class=\"e-con-inner\">\n\t\t\t\t<div class=\"elementor-element elementor-element-352c207 elementor-widget elementor-widget-image\" data-id=\"352c207\" data-element_type=\"widget\" data-e-type=\"widget\" data-widget_type=\"image.default\">\n\t\t\t\t<div class=\"elementor-widget-container\">\n\t\t\t\t\t\t\t\t\t\t\t\t\t\t\t<img fetchpriority=\"high\" decoding=\"async\" width=\"1024\" height=\"683\" src=\"https:\/\/taximundaka.com\/wp-content\/uploads\/2024\/05\/2948374313_7ca06eab19_o-1024x683-1.jpg\" class=\"attachment-full size-full wp-image-220\" alt=\"\" srcset=\"https:\/\/taximundaka.com\/wp-content\/uploads\/2024\/05\/2948374313_7ca06eab19_o-1024x683-1.jpg 1024w, https:\/\/taximundaka.com\/wp-content\/uploads\/2024\/05\/2948374313_7ca06eab19_o-1024x683-1-300x200.jpg 300w, https:\/\/taximundaka.com\/wp-content\/uploads\/2024\/05\/2948374313_7ca06eab19_o-1024x683-1-768x512.jpg 768w\" sizes=\"(max-width: 1024px) 100vw, 1024px\" \/>\t\t\t\t\t\t\t\t\t\t\t\t\t\t\t<\/div>\n\t\t\t\t<\/div>\n\t\t\t\t\t<\/div>\n\t\t\t\t<\/div>\n\t\t<div class=\"elementor-element elementor-element-5e738b9 e-flex e-con-boxed e-con e-child\" data-id=\"5e738b9\" data-element_type=\"container\" data-e-type=\"container\">\n\t\t\t\t\t<div class=\"e-con-inner\">\n\t\t\t\t<div class=\"elementor-element elementor-element-a321aba elementor-widget elementor-widget-image\" data-id=\"a321aba\" data-element_type=\"widget\" data-e-type=\"widget\" data-widget_type=\"image.default\">\n\t\t\t\t<div class=\"elementor-widget-container\">\n\t\t\t\t\t\t\t\t\t\t\t\t\t\t\t<img decoding=\"async\" width=\"1024\" height=\"768\" src=\"https:\/\/taximundaka.com\/wp-content\/uploads\/2024\/05\/natura-eta-hondartza-1024x768-1.jpg\" class=\"attachment-full size-full wp-image-213\" alt=\"\" srcset=\"https:\/\/taximundaka.com\/wp-content\/uploads\/2024\/05\/natura-eta-hondartza-1024x768-1.jpg 1024w, https:\/\/taximundaka.com\/wp-content\/uploads\/2024\/05\/natura-eta-hondartza-1024x768-1-300x225.jpg 300w, https:\/\/taximundaka.com\/wp-content\/uploads\/2024\/05\/natura-eta-hondartza-1024x768-1-768x576.jpg 768w\" sizes=\"(max-width: 1024px) 100vw, 1024px\" \/>\t\t\t\t\t\t\t\t\t\t\t\t\t\t\t<\/div>\n\t\t\t\t<\/div>\n\t\t\t\t\t<\/div>\n\t\t\t\t<\/div>\n\t\t\t\t<\/div>\n\t\t\t\t\t<\/div>\n\t\t\t\t<\/div>\n\t\t<div class=\"elementor-element elementor-element-3a83d93 e-con-full elementor-hidden-tablet elementor-hidden-desktop e-flex e-con e-parent\" data-id=\"3a83d93\" data-element_type=\"container\" data-e-type=\"container\">\n\t\t<div class=\"elementor-element elementor-element-5d953cd e-con-full e-flex e-con e-child\" data-id=\"5d953cd\" data-element_type=\"container\" data-e-type=\"container\">\n\t\t\t\t<div class=\"elementor-element elementor-element-2d3b2a9 elementor-widget elementor-widget-image\" data-id=\"2d3b2a9\" data-element_type=\"widget\" data-e-type=\"widget\" data-widget_type=\"image.default\">\n\t\t\t\t<div class=\"elementor-widget-container\">\n\t\t\t\t\t\t\t\t\t\t\t\t\t\t\t<img decoding=\"async\" width=\"1024\" height=\"768\" src=\"https:\/\/taximundaka.com\/wp-content\/uploads\/2024\/05\/natura-eta-hondartza-1024x768-1.jpg\" class=\"attachment-full size-full wp-image-213\" alt=\"\" srcset=\"https:\/\/taximundaka.com\/wp-content\/uploads\/2024\/05\/natura-eta-hondartza-1024x768-1.jpg 1024w, https:\/\/taximundaka.com\/wp-content\/uploads\/2024\/05\/natura-eta-hondartza-1024x768-1-300x225.jpg 300w, https:\/\/taximundaka.com\/wp-content\/uploads\/2024\/05\/natura-eta-hondartza-1024x768-1-768x576.jpg 768w\" sizes=\"(max-width: 1024px) 100vw, 1024px\" \/>\t\t\t\t\t\t\t\t\t\t\t\t\t\t\t<\/div>\n\t\t\t\t<\/div>\n\t\t\t\t<\/div>\n\t\t<div class=\"elementor-element elementor-element-d71fdd4 e-con-full e-flex e-con e-child\" data-id=\"d71fdd4\" data-element_type=\"container\" data-e-type=\"container\">\n\t\t\t\t<div class=\"elementor-element elementor-element-1a2701c elementor-widget elementor-widget-text-editor\" data-id=\"1a2701c\" data-element_type=\"widget\" data-e-type=\"widget\" data-widget_type=\"text-editor.default\">\n\t\t\t\t<div class=\"elementor-widget-container\">\n\t\t\t\t\t\t\t\t\t<p>Mundaka es una localidad agradable y tranquila de la costa de Bizkaia, situada en la comarca de Busturialdea \u2013 Urdabai, en la margen izquierda de la r\u00eda que lleva su nombre.<\/p><p>El pueblo de Mundaka siempre ha estado ligado al mar y abierto al mundo. Durante siglos, su gente ha sido protagonista de la historia de la navegaci\u00f3n y la pesca de Euskadi.<\/p><p>Mundaka, ubicada en un entorno natural privilegiado, la Reserva de la Biosfera de Urdaibai, ha sabido conservar su cultura, sus tradiciones y su idioma, el euskera. Todo un patrimonio para disfrutar y compartir con amigos y visitantes.<\/p><p>Cualquier \u00e9poca del a\u00f1o es buena para visitar Mundaka. El verano es animado y bullicioso, ya que son muchos los que se acercan a la localidad atra\u00edda por el buen ambiente y la belleza del lugar. A partir de oto\u00f1o, tambi\u00e9n amantes del surf llegan de todo el mundo para disfrutar de la que es considerada una de las mejores olas de izquierda de Europa.<\/p>\t\t\t\t\t\t\t\t<\/div>\n\t\t\t\t<\/div>\n\t\t\t\t<div class=\"elementor-element elementor-element-59ce272 elementor-align-center elementor-widget elementor-widget-button\" data-id=\"59ce272\" data-element_type=\"widget\" data-e-type=\"widget\" data-widget_type=\"button.default\">\n\t\t\t\t<div class=\"elementor-widget-container\">\n\t\t\t\t\t\t\t\t\t<div class=\"elementor-button-wrapper\">\n\t\t\t\t\t<a class=\"elementor-button elementor-button-link elementor-size-sm\" href=\"https:\/\/taximundaka.com\/eu\/galeria\/\">\n\t\t\t\t\t\t<span class=\"elementor-button-content-wrapper\">\n\t\t\t\t\t\t\t\t\t<span class=\"elementor-button-text\">Ver Galer\u00eda<\/span>\n\t\t\t\t\t<\/span>\n\t\t\t\t\t<\/a>\n\t\t\t\t<\/div>\n\t\t\t\t\t\t\t\t<\/div>\n\t\t\t\t<\/div>\n\t\t\t\t<\/div>\n\t\t<div class=\"elementor-element elementor-element-d7ce972 e-con-full e-flex e-con e-child\" data-id=\"d7ce972\" data-element_type=\"container\" data-e-type=\"container\">\n\t\t\t\t<div class=\"elementor-element elementor-element-6c51a5c elementor-widget elementor-widget-image\" data-id=\"6c51a5c\" data-element_type=\"widget\" data-e-type=\"widget\" data-widget_type=\"image.default\">\n\t\t\t\t<div class=\"elementor-widget-container\">\n\t\t\t\t\t\t\t\t\t\t\t\t\t\t\t<img fetchpriority=\"high\" decoding=\"async\" width=\"1024\" height=\"683\" src=\"https:\/\/taximundaka.com\/wp-content\/uploads\/2024\/05\/2948374313_7ca06eab19_o-1024x683-1.jpg\" class=\"attachment-full size-full wp-image-220\" alt=\"\" srcset=\"https:\/\/taximundaka.com\/wp-content\/uploads\/2024\/05\/2948374313_7ca06eab19_o-1024x683-1.jpg 1024w, https:\/\/taximundaka.com\/wp-content\/uploads\/2024\/05\/2948374313_7ca06eab19_o-1024x683-1-300x200.jpg 300w, https:\/\/taximundaka.com\/wp-content\/uploads\/2024\/05\/2948374313_7ca06eab19_o-1024x683-1-768x512.jpg 768w\" sizes=\"(max-width: 1024px) 100vw, 1024px\" \/>\t\t\t\t\t\t\t\t\t\t\t\t\t\t\t<\/div>\n\t\t\t\t<\/div>\n\t\t\t\t<\/div>\n\t\t\t\t<\/div>\n\t\t\t\t<\/div>","protected":false},"excerpt":{"rendered":"<p>MUNDAKA Mundaka es una localidad agradable y tranquila de la costa de Bizkaia, situada en la comarca de Busturialdea \u2013 Urdabai, en la margen izquierda de la r\u00eda que lleva su nombre. El pueblo de Mundaka siempre ha estado ligado al mar y abierto al mundo. Durante siglos, su gente ha sido protagonista de la [&hellip;]<\/p>\n","protected":false},"author":1,"featured_media":0,"parent":0,"menu_order":0,"comment_status":"closed","ping_status":"closed","template":"elementor_canvas","meta":{"footnotes":""},"class_list":["post-17","page","type-page","status-publish","hentry"],"yoast_head":"<!-- This site is optimized with the Yoast SEO plugin v27.5 - https:\/\/yoast.com\/product\/yoast-seo-wordpress\/ -->\n<title>Mundaka - Taxi Mundaka<\/title>\n<meta name=\"robots\" content=\"index, follow, max-snippet:-1, max-image-preview:large, max-video-preview:-1\" \/>\n<link rel=\"canonical\" href=\"https:\/\/taximundaka.com\/eu\/mundaka\/\" \/>\n<meta property=\"og:locale\" content=\"en_US\" \/>\n<meta property=\"og:type\" content=\"article\" \/>\n<meta property=\"og:title\" content=\"Mundaka - Taxi Mundaka\" \/>\n<meta property=\"og:description\" content=\"MUNDAKA Mundaka es una localidad agradable y tranquila de la costa de Bizkaia, situada en la comarca de Busturialdea \u2013 Urdabai, en la margen izquierda de la r\u00eda que lleva su nombre. El pueblo de Mundaka siempre ha estado ligado al mar y abierto al mundo. Durante siglos, su gente ha sido protagonista de la [&hellip;]\" \/>\n<meta property=\"og:url\" content=\"https:\/\/taximundaka.com\/eu\/mundaka\/\" \/>\n<meta property=\"og:site_name\" content=\"Taxi Mundaka\" \/>\n<meta property=\"article:modified_time\" content=\"2024-06-06T15:54:48+00:00\" \/>\n<meta property=\"og:image\" content=\"https:\/\/taximundaka.com\/wp-content\/uploads\/2024\/05\/2948374313_7ca06eab19_o-1024x683-1.jpg\" \/>\n<meta name=\"twitter:card\" content=\"summary_large_image\" \/>\n<meta name=\"twitter:label1\" content=\"Est. reading time\" \/>\n\t<meta name=\"twitter:data1\" content=\"3 minutua\" \/>\n<script type=\"application\/ld+json\" class=\"yoast-schema-graph\">{\"@context\":\"https:\\\/\\\/schema.org\",\"@graph\":[{\"@type\":\"WebPage\",\"@id\":\"https:\\\/\\\/taximundaka.com\\\/mundaka\\\/\",\"url\":\"https:\\\/\\\/taximundaka.com\\\/mundaka\\\/\",\"name\":\"Mundaka - Taxi Mundaka\",\"isPartOf\":{\"@id\":\"https:\\\/\\\/taximundaka.com\\\/#website\"},\"primaryImageOfPage\":{\"@id\":\"https:\\\/\\\/taximundaka.com\\\/mundaka\\\/#primaryimage\"},\"image\":{\"@id\":\"https:\\\/\\\/taximundaka.com\\\/mundaka\\\/#primaryimage\"},\"thumbnailUrl\":\"https:\\\/\\\/taximundaka.com\\\/wp-content\\\/uploads\\\/2024\\\/05\\\/2948374313_7ca06eab19_o-1024x683-1.jpg\",\"datePublished\":\"2024-05-29T11:17:57+00:00\",\"dateModified\":\"2024-06-06T15:54:48+00:00\",\"breadcrumb\":{\"@id\":\"https:\\\/\\\/taximundaka.com\\\/mundaka\\\/#breadcrumb\"},\"inLanguage\":\"eu\",\"potentialAction\":[{\"@type\":\"ReadAction\",\"target\":[\"https:\\\/\\\/taximundaka.com\\\/mundaka\\\/\"]}]},{\"@type\":\"ImageObject\",\"inLanguage\":\"eu\",\"@id\":\"https:\\\/\\\/taximundaka.com\\\/mundaka\\\/#primaryimage\",\"url\":\"https:\\\/\\\/taximundaka.com\\\/wp-content\\\/uploads\\\/2024\\\/05\\\/2948374313_7ca06eab19_o-1024x683-1.jpg\",\"contentUrl\":\"https:\\\/\\\/taximundaka.com\\\/wp-content\\\/uploads\\\/2024\\\/05\\\/2948374313_7ca06eab19_o-1024x683-1.jpg\"},{\"@type\":\"BreadcrumbList\",\"@id\":\"https:\\\/\\\/taximundaka.com\\\/mundaka\\\/#breadcrumb\",\"itemListElement\":[{\"@type\":\"ListItem\",\"position\":1,\"name\":\"Portada\",\"item\":\"https:\\\/\\\/taximundaka.com\\\/\"},{\"@type\":\"ListItem\",\"position\":2,\"name\":\"Mundaka\"}]},{\"@type\":\"WebSite\",\"@id\":\"https:\\\/\\\/taximundaka.com\\\/#website\",\"url\":\"https:\\\/\\\/taximundaka.com\\\/\",\"name\":\"Taxi Mundaka\",\"description\":\"Disponemos de taxis adaptados para el transporte de personas con movilidad reducida, de 7 plazas, 8 con el conductor. Con amplio pelda\u00f1o para acceder con seguridad y comodidad, dotado de la rampa m\u00e1s amplia del mercado para poder acceder a \u00e9l con sillas de ruedas especiales.\",\"publisher\":{\"@id\":\"https:\\\/\\\/taximundaka.com\\\/#organization\"},\"potentialAction\":[{\"@type\":\"SearchAction\",\"target\":{\"@type\":\"EntryPoint\",\"urlTemplate\":\"https:\\\/\\\/taximundaka.com\\\/?s={search_term_string}\"},\"query-input\":{\"@type\":\"PropertyValueSpecification\",\"valueRequired\":true,\"valueName\":\"search_term_string\"}}],\"inLanguage\":\"eu\"},{\"@type\":\"Organization\",\"@id\":\"https:\\\/\\\/taximundaka.com\\\/#organization\",\"name\":\"Taxi Mundaka\",\"url\":\"https:\\\/\\\/taximundaka.com\\\/\",\"logo\":{\"@type\":\"ImageObject\",\"inLanguage\":\"eu\",\"@id\":\"https:\\\/\\\/taximundaka.com\\\/#\\\/schema\\\/logo\\\/image\\\/\",\"url\":\"https:\\\/\\\/taximundaka.com\\\/wp-content\\\/uploads\\\/2024\\\/05\\\/cropped-taximundaka-1-1.png\",\"contentUrl\":\"https:\\\/\\\/taximundaka.com\\\/wp-content\\\/uploads\\\/2024\\\/05\\\/cropped-taximundaka-1-1.png\",\"width\":917,\"height\":917,\"caption\":\"Taxi Mundaka\"},\"image\":{\"@id\":\"https:\\\/\\\/taximundaka.com\\\/#\\\/schema\\\/logo\\\/image\\\/\"}}]}<\/script>\n<!-- \/ Yoast SEO plugin. -->","yoast_head_json":{"title":"Mundaka - Taxi Mundaka","robots":{"index":"index","follow":"follow","max-snippet":"max-snippet:-1","max-image-preview":"max-image-preview:large","max-video-preview":"max-video-preview:-1"},"canonical":"https:\/\/taximundaka.com\/eu\/mundaka\/","og_locale":"en_US","og_type":"article","og_title":"Mundaka - Taxi Mundaka","og_description":"MUNDAKA Mundaka es una localidad agradable y tranquila de la costa de Bizkaia, situada en la comarca de Busturialdea \u2013 Urdabai, en la margen izquierda de la r\u00eda que lleva su nombre. El pueblo de Mundaka siempre ha estado ligado al mar y abierto al mundo. Durante siglos, su gente ha sido protagonista de la [&hellip;]","og_url":"https:\/\/taximundaka.com\/eu\/mundaka\/","og_site_name":"Taxi Mundaka","article_modified_time":"2024-06-06T15:54:48+00:00","og_image":[{"url":"https:\/\/taximundaka.com\/wp-content\/uploads\/2024\/05\/2948374313_7ca06eab19_o-1024x683-1.jpg","type":"","width":"","height":""}],"twitter_card":"summary_large_image","twitter_misc":{"Est. reading time":"3 minutua"},"schema":{"@context":"https:\/\/schema.org","@graph":[{"@type":"WebPage","@id":"https:\/\/taximundaka.com\/mundaka\/","url":"https:\/\/taximundaka.com\/mundaka\/","name":"Mundaka - Taxi Mundaka","isPartOf":{"@id":"https:\/\/taximundaka.com\/#website"},"primaryImageOfPage":{"@id":"https:\/\/taximundaka.com\/mundaka\/#primaryimage"},"image":{"@id":"https:\/\/taximundaka.com\/mundaka\/#primaryimage"},"thumbnailUrl":"https:\/\/taximundaka.com\/wp-content\/uploads\/2024\/05\/2948374313_7ca06eab19_o-1024x683-1.jpg","datePublished":"2024-05-29T11:17:57+00:00","dateModified":"2024-06-06T15:54:48+00:00","breadcrumb":{"@id":"https:\/\/taximundaka.com\/mundaka\/#breadcrumb"},"inLanguage":"eu","potentialAction":[{"@type":"ReadAction","target":["https:\/\/taximundaka.com\/mundaka\/"]}]},{"@type":"ImageObject","inLanguage":"eu","@id":"https:\/\/taximundaka.com\/mundaka\/#primaryimage","url":"https:\/\/taximundaka.com\/wp-content\/uploads\/2024\/05\/2948374313_7ca06eab19_o-1024x683-1.jpg","contentUrl":"https:\/\/taximundaka.com\/wp-content\/uploads\/2024\/05\/2948374313_7ca06eab19_o-1024x683-1.jpg"},{"@type":"BreadcrumbList","@id":"https:\/\/taximundaka.com\/mundaka\/#breadcrumb","itemListElement":[{"@type":"ListItem","position":1,"name":"Portada","item":"https:\/\/taximundaka.com\/"},{"@type":"ListItem","position":2,"name":"Mundaka"}]},{"@type":"WebSite","@id":"https:\/\/taximundaka.com\/#website","url":"https:\/\/taximundaka.com\/","name":"Taxi Mundaka","description":"Disponemos de taxis adaptados para el transporte de personas con movilidad reducida, de 7 plazas, 8 con el conductor. Con amplio pelda\u00f1o para acceder con seguridad y comodidad, dotado de la rampa m\u00e1s amplia del mercado para poder acceder a \u00e9l con sillas de ruedas especiales.","publisher":{"@id":"https:\/\/taximundaka.com\/#organization"},"potentialAction":[{"@type":"SearchAction","target":{"@type":"EntryPoint","urlTemplate":"https:\/\/taximundaka.com\/?s={search_term_string}"},"query-input":{"@type":"PropertyValueSpecification","valueRequired":true,"valueName":"search_term_string"}}],"inLanguage":"eu"},{"@type":"Organization","@id":"https:\/\/taximundaka.com\/#organization","name":"Taxi Mundaka","url":"https:\/\/taximundaka.com\/","logo":{"@type":"ImageObject","inLanguage":"eu","@id":"https:\/\/taximundaka.com\/#\/schema\/logo\/image\/","url":"https:\/\/taximundaka.com\/wp-content\/uploads\/2024\/05\/cropped-taximundaka-1-1.png","contentUrl":"https:\/\/taximundaka.com\/wp-content\/uploads\/2024\/05\/cropped-taximundaka-1-1.png","width":917,"height":917,"caption":"Taxi Mundaka"},"image":{"@id":"https:\/\/taximundaka.com\/#\/schema\/logo\/image\/"}}]}},"_links":{"self":[{"href":"https:\/\/taximundaka.com\/eu\/wp-json\/wp\/v2\/pages\/17","targetHints":{"allow":["GET"]}}],"collection":[{"href":"https:\/\/taximundaka.com\/eu\/wp-json\/wp\/v2\/pages"}],"about":[{"href":"https:\/\/taximundaka.com\/eu\/wp-json\/wp\/v2\/types\/page"}],"author":[{"embeddable":true,"href":"https:\/\/taximundaka.com\/eu\/wp-json\/wp\/v2\/users\/1"}],"replies":[{"embeddable":true,"href":"https:\/\/taximundaka.com\/eu\/wp-json\/wp\/v2\/comments?post=17"}],"version-history":[{"count":103,"href":"https:\/\/taximundaka.com\/eu\/wp-json\/wp\/v2\/pages\/17\/revisions"}],"predecessor-version":[{"id":595,"href":"https:\/\/taximundaka.com\/eu\/wp-json\/wp\/v2\/pages\/17\/revisions\/595"}],"wp:attachment":[{"href":"https:\/\/taximundaka.com\/eu\/wp-json\/wp\/v2\/media?parent=17"}],"curies":[{"name":"wp","href":"https:\/\/api.w.org\/{rel}","templated":true}]}}